{"id":455,"date":"2020-02-24T20:50:30","date_gmt":"2020-02-24T19:50:30","guid":{"rendered":"http:\/\/tamtamdesbaronnies.com\/wordpress\/?page_id=455"},"modified":"2020-02-24T20:50:30","modified_gmt":"2020-02-24T19:50:30","slug":"a-propos","status":"publish","type":"page","link":"https:\/\/tamtamdesbaronnies.com\/wordpress\/a-propos\/","title":{"rendered":"A Propos"},"content":{"rendered":"\n<p> Bienvenue sur le blog d\u2019un correspondant de presse des Baronnies Proven\u00e7ales \u2013 Alain Bosmans, Webmaster du site \u00ab Le Tam-Tam des Baronnies \u00bb, correspondant de presse et journaliste pigiste depuis 1997 dans le sud de la Dr\u00f4me, permet, \u00e0 travers ce blog, de consulter diff\u00e9rents articles r\u00e9cemment publi\u00e9s par ses soins, notamment dans le \u201cDauphin\u00e9 Lib\u00e9r\u00e9\u201d. <\/p>\n","protected":false},"excerpt":{"rendered":"<p>Bienvenue sur le blog d\u2019un correspondant de presse des Baronnies Proven\u00e7ales \u2013 Alain Bosmans, Webmaster du site \u00ab Le Tam-Tam des Baronnies \u00bb, correspondant de presse et journaliste pigiste depuis 1997 dans le sud de la Dr\u00f4me, permet, \u00e0 travers ce blog, de consulter diff\u00e9rents articles r\u00e9cemment publi\u00e9s par ses soins, notamment dans le \u201cDauphin\u00e9 &hellip; <a href=\"https:\/\/tamtamdesbaronnies.com\/wordpress\/a-propos\/\" class=\"more-link\">Continuer la lecture<span class=\"screen-reader-text\"> de &laquo;&nbsp;A Propos&nbsp;&raquo;<\/span><\/a><\/p>\n","protected":false},"author":1,"featured_media":0,"parent":0,"menu_order":0,"comment_status":"closed","ping_status":"closed","template":"","meta":{"spay_email":"","footnotes":""},"class_list":["post-455","page","type-page","status-publish","hentry"],"_links":{"self":[{"href":"https:\/\/tamtamdesbaronnies.com\/wordpress\/wp-json\/wp\/v2\/pages\/455","targetHints":{"allow":["GET"]}}],"collection":[{"href":"https:\/\/tamtamdesbaronnies.com\/wordpress\/wp-json\/wp\/v2\/pages"}],"about":[{"href":"https:\/\/tamtamdesbaronnies.com\/wordpress\/wp-json\/wp\/v2\/types\/page"}],"author":[{"embeddable":true,"href":"https:\/\/tamtamdesbaronnies.com\/wordpress\/wp-json\/wp\/v2\/users\/1"}],"replies":[{"embeddable":true,"href":"https:\/\/tamtamdesbaronnies.com\/wordpress\/wp-json\/wp\/v2\/comments?post=455"}],"version-history":[{"count":1,"href":"https:\/\/tamtamdesbaronnies.com\/wordpress\/wp-json\/wp\/v2\/pages\/455\/revisions"}],"predecessor-version":[{"id":456,"href":"https:\/\/tamtamdesbaronnies.com\/wordpress\/wp-json\/wp\/v2\/pages\/455\/revisions\/456"}],"wp:attachment":[{"href":"https:\/\/tamtamdesbaronnies.com\/wordpress\/wp-json\/wp\/v2\/media?parent=455"}],"curies":[{"name":"wp","href":"https:\/\/api.w.org\/{rel}","templated":true}]}}